{"id":921,"date":"2025-08-27T13:27:25","date_gmt":"2025-08-27T11:27:25","guid":{"rendered":"https:\/\/vapeberlin.de\/?post_type=product&#038;p=921"},"modified":"2025-08-27T13:27:25","modified_gmt":"2025-08-27T11:27:25","slug":"elfbar-max-basisgeraet-purple","status":"publish","type":"product","link":"https:\/\/vapeberlin.de\/?product=elfbar-max-basisgeraet-purple","title":{"rendered":"Elfbar Max Basisger\u00e4t Purple"},"content":{"rendered":"<p>Der ELFBAR MAX Basisger\u00e4t ist ein wiederaufladbares Device mit einem kraftvollen 650 mAh-\u200bAkku und USB-C-Ladeanschluss. Dank seines kompakten Designs und der integrierten Mesh-Coil-Technologie liefert er ein intensives, gleichm\u00e4\u00dfiges Dampferlebnis f\u00fcr Einsteiger und Fortgeschrittene.<\/p>\n","protected":false},"excerpt":{"rendered":"<p>Der ELFBAR MAX Basisger\u00e4t ist ein wiederaufladbares Device mit einem kraftvollen 650 mAh-\u200bAkku und USB-C-Ladeanschluss. Dank seines kompakten Designs und der integrierten Mesh-Coil-Technologie liefert er ein<span class=\"excerpt-hellip\"> [\u2026]<\/span><\/p>\n","protected":false},"featured_media":920,"comment_status":"open","ping_status":"closed","template":"","meta":[],"product_brand":[],"product_cat":[45],"product_tag":[],"class_list":{"0":"post-921","1":"product","2":"type-product","3":"status-publish","4":"has-post-thumbnail","6":"product_cat-akkus-ladegeraete","8":"first","9":"instock","10":"taxable","11":"shipping-taxable","12":"purchasable","13":"product-type-simple"},"_links":{"self":[{"href":"https:\/\/vapeberlin.de\/index.php?rest_route=\/wp\/v2\/product\/921","targetHints":{"allow":["GET"]}}],"collection":[{"href":"https:\/\/vapeberlin.de\/index.php?rest_route=\/wp\/v2\/product"}],"about":[{"href":"https:\/\/vapeberlin.de\/index.php?rest_route=\/wp\/v2\/types\/product"}],"replies":[{"embeddable":true,"href":"https:\/\/vapeberlin.de\/index.php?rest_route=%2Fwp%2Fv2%2Fcomments&post=921"}],"wp:featuredmedia":[{"embeddable":true,"href":"https:\/\/vapeberlin.de\/index.php?rest_route=\/wp\/v2\/media\/920"}],"wp:attachment":[{"href":"https:\/\/vapeberlin.de\/index.php?rest_route=%2Fwp%2Fv2%2Fmedia&parent=921"}],"wp:term":[{"taxonomy":"product_brand","embeddable":true,"href":"https:\/\/vapeberlin.de\/index.php?rest_route=%2Fwp%2Fv2%2Fproduct_brand&post=921"},{"taxonomy":"product_cat","embeddable":true,"href":"https:\/\/vapeberlin.de\/index.php?rest_route=%2Fwp%2Fv2%2Fproduct_cat&post=921"},{"taxonomy":"product_tag","embeddable":true,"href":"https:\/\/vapeberlin.de\/index.php?rest_route=%2Fwp%2Fv2%2Fproduct_tag&post=921"}],"curies":[{"name":"wp","href":"https:\/\/api.w.org\/{rel}","templated":true}]}}