{"id":909,"date":"2025-08-27T13:01:34","date_gmt":"2025-08-27T11:01:34","guid":{"rendered":"https:\/\/vapeberlin.de\/?post_type=product&#038;p=909"},"modified":"2025-08-27T13:01:34","modified_gmt":"2025-08-27T11:01:34","slug":"elfa-turbo-refillable-pod-kit-blue","status":"publish","type":"product","link":"https:\/\/vapeberlin.de\/?product=elfa-turbo-refillable-pod-kit-blue","title":{"rendered":"Elfa Turbo Refillable Pod Kit Blue"},"content":{"rendered":"<p>Das Elfbar Elfa Turbo Kit ist das neue Pod-System der Marke Elf Bar, im schlanken Pen-Format. Es setzt sich zusammen aus einem Basisger\u00e4t (Akku) mit 550-mAh-Akku und einem 0,8-Ohm Elfa Turbo Refillable-Pod. Der Akku (Basisger\u00e4t) und die Pods des Elfa Turbo Kits sind au\u00dferdem kompatibel mit folgenden Systemen: Elf Bar Elfa: Basisger\u00e4t und Pods Lost Mary Tappo: Basisger\u00e4t und Pods 187 Pod Kit: Basisger\u00e4t und Pods Wondervape Pods: Basisger\u00e4t und Pods Samra Cataleya: Basisger\u00e4t und Pods<\/p>\n","protected":false},"excerpt":{"rendered":"<p>Das Elfbar Elfa Turbo Kit ist das neue Pod-System der Marke Elf Bar, im schlanken Pen-Format. Es setzt sich zusammen aus einem Basisger\u00e4t (Akku) mit 550-mAh-Akku<span class=\"excerpt-hellip\"> [\u2026]<\/span><\/p>\n","protected":false},"featured_media":910,"comment_status":"open","ping_status":"closed","template":"","meta":[],"product_brand":[],"product_cat":[45],"product_tag":[],"class_list":{"0":"post-909","1":"product","2":"type-product","3":"status-publish","4":"has-post-thumbnail","6":"product_cat-akkus-ladegeraete","8":"first","9":"instock","10":"taxable","11":"shipping-taxable","12":"purchasable","13":"product-type-simple"},"_links":{"self":[{"href":"https:\/\/vapeberlin.de\/index.php?rest_route=\/wp\/v2\/product\/909","targetHints":{"allow":["GET"]}}],"collection":[{"href":"https:\/\/vapeberlin.de\/index.php?rest_route=\/wp\/v2\/product"}],"about":[{"href":"https:\/\/vapeberlin.de\/index.php?rest_route=\/wp\/v2\/types\/product"}],"replies":[{"embeddable":true,"href":"https:\/\/vapeberlin.de\/index.php?rest_route=%2Fwp%2Fv2%2Fcomments&post=909"}],"wp:featuredmedia":[{"embeddable":true,"href":"https:\/\/vapeberlin.de\/index.php?rest_route=\/wp\/v2\/media\/910"}],"wp:attachment":[{"href":"https:\/\/vapeberlin.de\/index.php?rest_route=%2Fwp%2Fv2%2Fmedia&parent=909"}],"wp:term":[{"taxonomy":"product_brand","embeddable":true,"href":"https:\/\/vapeberlin.de\/index.php?rest_route=%2Fwp%2Fv2%2Fproduct_brand&post=909"},{"taxonomy":"product_cat","embeddable":true,"href":"https:\/\/vapeberlin.de\/index.php?rest_route=%2Fwp%2Fv2%2Fproduct_cat&post=909"},{"taxonomy":"product_tag","embeddable":true,"href":"https:\/\/vapeberlin.de\/index.php?rest_route=%2Fwp%2Fv2%2Fproduct_tag&post=909"}],"curies":[{"name":"wp","href":"https:\/\/api.w.org\/{rel}","templated":true}]}}