{"id":899,"date":"2025-08-27T12:44:52","date_gmt":"2025-08-27T10:44:52","guid":{"rendered":"https:\/\/vapeberlin.de\/?post_type=product&#038;p=899"},"modified":"2025-08-27T12:44:52","modified_gmt":"2025-08-27T10:44:52","slug":"elfa-basisgeraet-aurora-green","status":"publish","type":"product","link":"https:\/\/vapeberlin.de\/?product=elfa-basisgeraet-aurora-green","title":{"rendered":"Elfa Basisger\u00e4t Aurora Green"},"content":{"rendered":"<p>Das ELFA Basisger\u00e4t von Elfbar ist ein hervorragendes und kompaktes Vape-System, das in vielen verschiedenen Farben erh\u00e4ltlich ist. Es hat eine Kapazit\u00e4t von 500 mAh und wird \u00fcber ein USB-C Ladekabel aufgeladen, welches nicht im Lieferumfang enthalten ist. Der ELFA Akku liegt gut in der Hand und kann durch 3 kurze Z\u00fcge innerhalb von 2 Sekunden ein- oder ausgeschaltet werden. Er verf\u00fcgt \u00fcber Einweg-Pods, die sich mit dem Akku verbinden lassen, sodass man ihn wiederverwenden kann. Diese m\u00fcssen dazu bestellt werden, hierbei handelt es sich nur um das Basisger\u00e4t. Dies macht ELFA zu einer idealen Alternative zur Einweg E-Zigarette, da man ihn nach 600 Z\u00fcgen nicht entsorgen muss. Der ELFA Akku ist somit ideal f\u00fcr alle, die ein vielseitiges und benutzerfreundliches Vape-Erlebnis suchen.<\/p>\n","protected":false},"excerpt":{"rendered":"<p>Das ELFA Basisger\u00e4t von Elfbar ist ein hervorragendes und kompaktes Vape-System, das in vielen verschiedenen Farben erh\u00e4ltlich ist. Es hat eine Kapazit\u00e4t von 500 mAh und<span class=\"excerpt-hellip\"> [\u2026]<\/span><\/p>\n","protected":false},"featured_media":900,"comment_status":"open","ping_status":"closed","template":"","meta":[],"product_brand":[],"product_cat":[45],"product_tag":[],"class_list":{"0":"post-899","1":"product","2":"type-product","3":"status-publish","4":"has-post-thumbnail","6":"product_cat-akkus-ladegeraete","8":"first","9":"instock","10":"taxable","11":"shipping-taxable","12":"purchasable","13":"product-type-simple"},"_links":{"self":[{"href":"https:\/\/vapeberlin.de\/index.php?rest_route=\/wp\/v2\/product\/899","targetHints":{"allow":["GET"]}}],"collection":[{"href":"https:\/\/vapeberlin.de\/index.php?rest_route=\/wp\/v2\/product"}],"about":[{"href":"https:\/\/vapeberlin.de\/index.php?rest_route=\/wp\/v2\/types\/product"}],"replies":[{"embeddable":true,"href":"https:\/\/vapeberlin.de\/index.php?rest_route=%2Fwp%2Fv2%2Fcomments&post=899"}],"wp:featuredmedia":[{"embeddable":true,"href":"https:\/\/vapeberlin.de\/index.php?rest_route=\/wp\/v2\/media\/900"}],"wp:attachment":[{"href":"https:\/\/vapeberlin.de\/index.php?rest_route=%2Fwp%2Fv2%2Fmedia&parent=899"}],"wp:term":[{"taxonomy":"product_brand","embeddable":true,"href":"https:\/\/vapeberlin.de\/index.php?rest_route=%2Fwp%2Fv2%2Fproduct_brand&post=899"},{"taxonomy":"product_cat","embeddable":true,"href":"https:\/\/vapeberlin.de\/index.php?rest_route=%2Fwp%2Fv2%2Fproduct_cat&post=899"},{"taxonomy":"product_tag","embeddable":true,"href":"https:\/\/vapeberlin.de\/index.php?rest_route=%2Fwp%2Fv2%2Fproduct_tag&post=899"}],"curies":[{"name":"wp","href":"https:\/\/api.w.org\/{rel}","templated":true}]}}