{"id":875,"date":"2025-08-11T13:41:36","date_gmt":"2025-08-11T11:41:36","guid":{"rendered":"https:\/\/vapeberlin.de\/?post_type=product&#038;p=875"},"modified":"2025-08-11T13:41:36","modified_gmt":"2025-08-11T11:41:36","slug":"oxbar-35000","status":"publish","type":"product","link":"https:\/\/vapeberlin.de\/?product=oxbar-35000","title":{"rendered":"Oxbar 35000"},"content":{"rendered":"<p><span class=\"block text-black text-left text-base font-roboto font-normal\">OXBAR 35K bietet 35.000 Z\u00fcge mit einem 900 mAh Akku und doppelten Mesh-Coils. Mit anpassbaren Nikotinst\u00e4rken und Eislevels, die auf einem gro\u00dfen digitalen Display angezeigt werden, k\u00f6nnen Nutzer aus drei Nikotinstufen und bis zu f\u00fcnf Eislevels w\u00e4hlen. Erh\u00e4ltlich in Aromen wie Green Apple Burst und Juicy Peach f\u00fcr ein flexibles Dampferlebnis<\/span><\/p>\n","protected":false},"excerpt":{"rendered":"<p>OXBAR 35K bietet 35.000 Z\u00fcge mit einem 900 mAh Akku und doppelten Mesh-Coils. Mit anpassbaren Nikotinst\u00e4rken und Eislevels, die auf einem gro\u00dfen digitalen Display angezeigt werden,<span class=\"excerpt-hellip\"> [\u2026]<\/span><\/p>\n","protected":false},"featured_media":889,"comment_status":"open","ping_status":"closed","template":"","meta":[],"product_brand":[527],"product_cat":[41],"product_tag":[],"class_list":{"0":"post-875","1":"product","2":"type-product","3":"status-publish","4":"has-post-thumbnail","6":"product_brand-oxbar","7":"product_cat-einweg-vapes","9":"first","10":"instock","11":"taxable","12":"shipping-taxable","13":"purchasable","14":"product-type-variable"},"_links":{"self":[{"href":"https:\/\/vapeberlin.de\/index.php?rest_route=\/wp\/v2\/product\/875","targetHints":{"allow":["GET"]}}],"collection":[{"href":"https:\/\/vapeberlin.de\/index.php?rest_route=\/wp\/v2\/product"}],"about":[{"href":"https:\/\/vapeberlin.de\/index.php?rest_route=\/wp\/v2\/types\/product"}],"replies":[{"embeddable":true,"href":"https:\/\/vapeberlin.de\/index.php?rest_route=%2Fwp%2Fv2%2Fcomments&post=875"}],"wp:featuredmedia":[{"embeddable":true,"href":"https:\/\/vapeberlin.de\/index.php?rest_route=\/wp\/v2\/media\/889"}],"wp:attachment":[{"href":"https:\/\/vapeberlin.de\/index.php?rest_route=%2Fwp%2Fv2%2Fmedia&parent=875"}],"wp:term":[{"taxonomy":"product_brand","embeddable":true,"href":"https:\/\/vapeberlin.de\/index.php?rest_route=%2Fwp%2Fv2%2Fproduct_brand&post=875"},{"taxonomy":"product_cat","embeddable":true,"href":"https:\/\/vapeberlin.de\/index.php?rest_route=%2Fwp%2Fv2%2Fproduct_cat&post=875"},{"taxonomy":"product_tag","embeddable":true,"href":"https:\/\/vapeberlin.de\/index.php?rest_route=%2Fwp%2Fv2%2Fproduct_tag&post=875"}],"curies":[{"name":"wp","href":"https:\/\/api.w.org\/{rel}","templated":true}]}}