{"id":820,"date":"2025-08-11T12:19:33","date_gmt":"2025-08-11T10:19:33","guid":{"rendered":"https:\/\/vapeberlin.de\/?post_type=product&#038;p=820"},"modified":"2026-02-04T12:01:28","modified_gmt":"2026-02-04T11:01:28","slug":"820","status":"publish","type":"product","link":"https:\/\/vapeberlin.de\/?product=820","title":{"rendered":"Al Fakher Crystal 8000"},"content":{"rendered":"<p>Erlebe eine neue \u00c4ra des Vapens mit der\u00a0<strong>Al Fakher Crystal 8000 Puffs<\/strong>\u00a0\u2013 wo Raffinesse auf pure Sinneserfahrung trifft. Das ist nicht einfach nur eine Vape, sondern dein t\u00e4glicher Luxus. Entwickelt f\u00fcr alle, die mehr verlangen, liefert sie bei jedem Puff einen kr\u00e4ftigen, vollmundigen Geschmack und sorgt mit ihrem kristallklaren Design und dem leuchtenden Display f\u00fcr bewundernde Blicke. Ob zum Entspannen nach einem langen Tag oder als stilvoller Begleiter unterwegs \u2013 die\u00a0<strong>Al Fakher Crystal 8000 Puffs<\/strong>\u00a0f\u00fcgt sich m\u00fchelos in deinen Rhythmus ein. Das smarte Geh\u00e4use mit Bildschirm gibt dir die volle Kontrolle, w\u00e4hrend das Dual-Mode-System und die Mesh-Coil-Technologie f\u00fcr ein stets intensives, sanftes und befriedigendes Dampferlebnis sorgen. Kein Nachf\u00fcllen. Kein Aufwand. Nur pure Leistung in einem eleganten, taschenfreundlichen Format. Mehr als nur ein Ger\u00e4t \u2013 ein Lifestyle-Upgrade. Hebe deine Erwartungen, genie\u00dfe den Komfort und erlebe jeden Moment mit einer Al Fakher Vape, die genauso gut aussieht, wie sie sich anf\u00fchlt. Al Fakher Crystal 8K \u2013 Geschmack, neu definiert<\/p>\n","protected":false},"excerpt":{"rendered":"<p>Erlebe eine neue \u00c4ra des Vapens mit der\u00a0Al Fakher Crystal 8000 Puffs\u00a0\u2013 wo Raffinesse auf pure Sinneserfahrung trifft. Das ist nicht einfach nur eine Vape, sondern<span class=\"excerpt-hellip\"> [\u2026]<\/span><\/p>\n","protected":false},"featured_media":936,"comment_status":"open","ping_status":"closed","template":"","meta":[],"product_brand":[477],"product_cat":[41],"product_tag":[],"class_list":{"0":"post-820","1":"product","2":"type-product","3":"status-publish","4":"has-post-thumbnail","6":"product_brand-al-fakher","7":"product_cat-einweg-vapes","9":"first","10":"instock","11":"taxable","12":"shipping-taxable","13":"purchasable","14":"product-type-variable"},"_links":{"self":[{"href":"https:\/\/vapeberlin.de\/index.php?rest_route=\/wp\/v2\/product\/820","targetHints":{"allow":["GET"]}}],"collection":[{"href":"https:\/\/vapeberlin.de\/index.php?rest_route=\/wp\/v2\/product"}],"about":[{"href":"https:\/\/vapeberlin.de\/index.php?rest_route=\/wp\/v2\/types\/product"}],"replies":[{"embeddable":true,"href":"https:\/\/vapeberlin.de\/index.php?rest_route=%2Fwp%2Fv2%2Fcomments&post=820"}],"wp:featuredmedia":[{"embeddable":true,"href":"https:\/\/vapeberlin.de\/index.php?rest_route=\/wp\/v2\/media\/936"}],"wp:attachment":[{"href":"https:\/\/vapeberlin.de\/index.php?rest_route=%2Fwp%2Fv2%2Fmedia&parent=820"}],"wp:term":[{"taxonomy":"product_brand","embeddable":true,"href":"https:\/\/vapeberlin.de\/index.php?rest_route=%2Fwp%2Fv2%2Fproduct_brand&post=820"},{"taxonomy":"product_cat","embeddable":true,"href":"https:\/\/vapeberlin.de\/index.php?rest_route=%2Fwp%2Fv2%2Fproduct_cat&post=820"},{"taxonomy":"product_tag","embeddable":true,"href":"https:\/\/vapeberlin.de\/index.php?rest_route=%2Fwp%2Fv2%2Fproduct_tag&post=820"}],"curies":[{"name":"wp","href":"https:\/\/api.w.org\/{rel}","templated":true}]}}