{"id":789,"date":"2025-07-14T17:59:20","date_gmt":"2025-07-14T15:59:20","guid":{"rendered":"https:\/\/vapeberlin.de\/?post_type=product&#038;p=789"},"modified":"2025-08-11T14:03:10","modified_gmt":"2025-08-11T12:03:10","slug":"187-pods","status":"publish","type":"product","link":"https:\/\/vapeberlin.de\/?product=187-pods","title":{"rendered":"187 Pod\u00b4s"},"content":{"rendered":"<p>187 prefilled Pods kommen in 18 leckeren Geschmacksrichtungen mit\u00a0<strong>20mg Nikotin<\/strong>\u00a0und passen auch in den Elfa Akku. Die 187 Pods enthalten 2ml Liquid f\u00fcr bis zu 600 Z\u00fcge. Der Geschmack ist wie schon von den 187 Einweg Vapes bekannt, s\u00fc\u00df und intensiv.<\/p>\n","protected":false},"excerpt":{"rendered":"<p>187 prefilled Pods kommen in 18 leckeren Geschmacksrichtungen mit\u00a020mg Nikotin\u00a0und passen auch in den Elfa Akku. Die 187 Pods enthalten 2ml Liquid f\u00fcr bis zu 600<span class=\"excerpt-hellip\"> [\u2026]<\/span><\/p>\n","protected":false},"featured_media":366,"comment_status":"open","ping_status":"closed","template":"","meta":[],"product_brand":[433,434],"product_cat":[42],"product_tag":[],"class_list":{"0":"post-789","1":"product","2":"type-product","3":"status-publish","4":"has-post-thumbnail","6":"product_brand-433","7":"product_brand-187-pods","8":"product_cat-pods-kartuschen","10":"first","11":"instock","12":"taxable","13":"shipping-taxable","14":"purchasable","15":"product-type-variable"},"_links":{"self":[{"href":"https:\/\/vapeberlin.de\/index.php?rest_route=\/wp\/v2\/product\/789","targetHints":{"allow":["GET"]}}],"collection":[{"href":"https:\/\/vapeberlin.de\/index.php?rest_route=\/wp\/v2\/product"}],"about":[{"href":"https:\/\/vapeberlin.de\/index.php?rest_route=\/wp\/v2\/types\/product"}],"replies":[{"embeddable":true,"href":"https:\/\/vapeberlin.de\/index.php?rest_route=%2Fwp%2Fv2%2Fcomments&post=789"}],"wp:featuredmedia":[{"embeddable":true,"href":"https:\/\/vapeberlin.de\/index.php?rest_route=\/wp\/v2\/media\/366"}],"wp:attachment":[{"href":"https:\/\/vapeberlin.de\/index.php?rest_route=%2Fwp%2Fv2%2Fmedia&parent=789"}],"wp:term":[{"taxonomy":"product_brand","embeddable":true,"href":"https:\/\/vapeberlin.de\/index.php?rest_route=%2Fwp%2Fv2%2Fproduct_brand&post=789"},{"taxonomy":"product_cat","embeddable":true,"href":"https:\/\/vapeberlin.de\/index.php?rest_route=%2Fwp%2Fv2%2Fproduct_cat&post=789"},{"taxonomy":"product_tag","embeddable":true,"href":"https:\/\/vapeberlin.de\/index.php?rest_route=%2Fwp%2Fv2%2Fproduct_tag&post=789"}],"curies":[{"name":"wp","href":"https:\/\/api.w.org\/{rel}","templated":true}]}}