{"id":703,"date":"2025-07-14T16:53:30","date_gmt":"2025-07-14T14:53:30","guid":{"rendered":"https:\/\/vapeberlin.de\/?post_type=product&#038;p=703"},"modified":"2026-02-04T12:10:27","modified_gmt":"2026-02-04T11:10:27","slug":"hqd","status":"publish","type":"product","link":"https:\/\/vapeberlin.de\/?product=hqd","title":{"rendered":"HQD"},"content":{"rendered":"<p>HQD Vapes sind moderne\u00a0<strong>Einweg-E-Zigaretten<\/strong>, die sofort einsatzbereit sind und kein Aufladen oder Nachf\u00fcllen ben\u00f6tigen. Sie stehen f\u00fcr unkomplizierten Genuss, starke Performance und hochwertige Verarbeitung.<\/p>\n","protected":false},"excerpt":{"rendered":"<p>HQD Vapes sind moderne\u00a0Einweg-E-Zigaretten, die sofort einsatzbereit sind und kein Aufladen oder Nachf\u00fcllen ben\u00f6tigen. Sie stehen f\u00fcr unkomplizierten Genuss, starke Performance und hochwertige Verarbeitung.<\/p>\n","protected":false},"featured_media":941,"comment_status":"open","ping_status":"closed","template":"","meta":[],"product_brand":[448,449],"product_cat":[41],"product_tag":[],"class_list":{"0":"post-703","1":"product","2":"type-product","3":"status-publish","4":"has-post-thumbnail","6":"product_brand-hqd","7":"product_brand-hqd-600","8":"product_cat-einweg-vapes","10":"first","11":"instock","12":"taxable","13":"shipping-taxable","14":"purchasable","15":"product-type-variable"},"_links":{"self":[{"href":"https:\/\/vapeberlin.de\/index.php?rest_route=\/wp\/v2\/product\/703","targetHints":{"allow":["GET"]}}],"collection":[{"href":"https:\/\/vapeberlin.de\/index.php?rest_route=\/wp\/v2\/product"}],"about":[{"href":"https:\/\/vapeberlin.de\/index.php?rest_route=\/wp\/v2\/types\/product"}],"replies":[{"embeddable":true,"href":"https:\/\/vapeberlin.de\/index.php?rest_route=%2Fwp%2Fv2%2Fcomments&post=703"}],"wp:featuredmedia":[{"embeddable":true,"href":"https:\/\/vapeberlin.de\/index.php?rest_route=\/wp\/v2\/media\/941"}],"wp:attachment":[{"href":"https:\/\/vapeberlin.de\/index.php?rest_route=%2Fwp%2Fv2%2Fmedia&parent=703"}],"wp:term":[{"taxonomy":"product_brand","embeddable":true,"href":"https:\/\/vapeberlin.de\/index.php?rest_route=%2Fwp%2Fv2%2Fproduct_brand&post=703"},{"taxonomy":"product_cat","embeddable":true,"href":"https:\/\/vapeberlin.de\/index.php?rest_route=%2Fwp%2Fv2%2Fproduct_cat&post=703"},{"taxonomy":"product_tag","embeddable":true,"href":"https:\/\/vapeberlin.de\/index.php?rest_route=%2Fwp%2Fv2%2Fproduct_tag&post=703"}],"curies":[{"name":"wp","href":"https:\/\/api.w.org\/{rel}","templated":true}]}}