{"id":665,"date":"2025-07-14T16:35:37","date_gmt":"2025-07-14T14:35:37","guid":{"rendered":"https:\/\/vapeberlin.de\/?post_type=product&#038;p=665"},"modified":"2025-08-11T14:16:42","modified_gmt":"2025-08-11T12:16:42","slug":"lost-mary-qm600","status":"publish","type":"product","link":"https:\/\/vapeberlin.de\/?product=lost-mary-qm600","title":{"rendered":"Lost Mary QM600"},"content":{"rendered":"<p>Das Elf Bar Lost Mary QM600 ist eine neue\u00a0<strong>Einweg E-Zigarette<\/strong>, welche Stil und Geschmack vereint. Vorgef\u00fcllt mit 2 ml Nikotinsalz Liquid bietet diese kompakte Vape bis zu 600 Z\u00fcge. Bedient wird die Lost Mary, wie alle Einweg Vapes, ohne Tasten \u00fcber eine Zugautomatik<\/p>\n","protected":false},"excerpt":{"rendered":"<p>Das Elf Bar Lost Mary QM600 ist eine neue\u00a0Einweg E-Zigarette, welche Stil und Geschmack vereint. Vorgef\u00fcllt mit 2 ml Nikotinsalz Liquid bietet diese kompakte Vape bis<span class=\"excerpt-hellip\"> [\u2026]<\/span><\/p>\n","protected":false},"featured_media":379,"comment_status":"open","ping_status":"closed","template":"","meta":[],"product_brand":[450,453],"product_cat":[41],"product_tag":[],"class_list":{"0":"post-665","1":"product","2":"type-product","3":"status-publish","4":"has-post-thumbnail","6":"product_brand-lost-mary","7":"product_brand-lost-mary-qm600","8":"product_cat-einweg-vapes","10":"first","11":"instock","12":"taxable","13":"shipping-taxable","14":"purchasable","15":"product-type-variable"},"_links":{"self":[{"href":"https:\/\/vapeberlin.de\/index.php?rest_route=\/wp\/v2\/product\/665","targetHints":{"allow":["GET"]}}],"collection":[{"href":"https:\/\/vapeberlin.de\/index.php?rest_route=\/wp\/v2\/product"}],"about":[{"href":"https:\/\/vapeberlin.de\/index.php?rest_route=\/wp\/v2\/types\/product"}],"replies":[{"embeddable":true,"href":"https:\/\/vapeberlin.de\/index.php?rest_route=%2Fwp%2Fv2%2Fcomments&post=665"}],"wp:featuredmedia":[{"embeddable":true,"href":"https:\/\/vapeberlin.de\/index.php?rest_route=\/wp\/v2\/media\/379"}],"wp:attachment":[{"href":"https:\/\/vapeberlin.de\/index.php?rest_route=%2Fwp%2Fv2%2Fmedia&parent=665"}],"wp:term":[{"taxonomy":"product_brand","embeddable":true,"href":"https:\/\/vapeberlin.de\/index.php?rest_route=%2Fwp%2Fv2%2Fproduct_brand&post=665"},{"taxonomy":"product_cat","embeddable":true,"href":"https:\/\/vapeberlin.de\/index.php?rest_route=%2Fwp%2Fv2%2Fproduct_cat&post=665"},{"taxonomy":"product_tag","embeddable":true,"href":"https:\/\/vapeberlin.de\/index.php?rest_route=%2Fwp%2Fv2%2Fproduct_tag&post=665"}],"curies":[{"name":"wp","href":"https:\/\/api.w.org\/{rel}","templated":true}]}}