{"id":599,"date":"2025-07-14T16:14:00","date_gmt":"2025-07-14T14:14:00","guid":{"rendered":"https:\/\/vapeberlin.de\/?post_type=product&#038;p=599"},"modified":"2025-07-14T16:14:00","modified_gmt":"2025-07-14T14:14:00","slug":"flerbar-pods","status":"publish","type":"product","link":"https:\/\/vapeberlin.de\/?product=flerbar-pods","title":{"rendered":"Flerbar Pod\u00b4s"},"content":{"rendered":"<p>Die Flerbar Pods sind die passenden\u00a0<strong>Liquid Pods f\u00fcr das Flerbar Mehrweg Basisger\u00e4t<\/strong>. Die Pods sind bef\u00fcllt mit 2ml Nikotinsalz Liquids in 20mg St\u00e4rke, in einer Packung werden zwei Pods geliefert. Jeder Pod h\u00e4lt bis zu 600 Z\u00fcge, somit sind mit einer Packung bis zu 1200 Z\u00fcge m\u00f6glich.<\/p>\n","protected":false},"excerpt":{"rendered":"<p>Die Flerbar Pods sind die passenden\u00a0Liquid Pods f\u00fcr das Flerbar Mehrweg Basisger\u00e4t. Die Pods sind bef\u00fcllt mit 2ml Nikotinsalz Liquids in 20mg St\u00e4rke, in einer Packung<span class=\"excerpt-hellip\"> [\u2026]<\/span><\/p>\n","protected":false},"featured_media":374,"comment_status":"open","ping_status":"closed","template":"","meta":[],"product_brand":[443,446],"product_cat":[42],"product_tag":[],"class_list":{"0":"post-599","1":"product","2":"type-product","3":"status-publish","4":"has-post-thumbnail","6":"product_brand-flerbar","7":"product_brand-flerbar-pods","8":"product_cat-pods-kartuschen","10":"first","11":"instock","12":"taxable","13":"shipping-taxable","14":"purchasable","15":"product-type-variable"},"_links":{"self":[{"href":"https:\/\/vapeberlin.de\/index.php?rest_route=\/wp\/v2\/product\/599","targetHints":{"allow":["GET"]}}],"collection":[{"href":"https:\/\/vapeberlin.de\/index.php?rest_route=\/wp\/v2\/product"}],"about":[{"href":"https:\/\/vapeberlin.de\/index.php?rest_route=\/wp\/v2\/types\/product"}],"replies":[{"embeddable":true,"href":"https:\/\/vapeberlin.de\/index.php?rest_route=%2Fwp%2Fv2%2Fcomments&post=599"}],"wp:featuredmedia":[{"embeddable":true,"href":"https:\/\/vapeberlin.de\/index.php?rest_route=\/wp\/v2\/media\/374"}],"wp:attachment":[{"href":"https:\/\/vapeberlin.de\/index.php?rest_route=%2Fwp%2Fv2%2Fmedia&parent=599"}],"wp:term":[{"taxonomy":"product_brand","embeddable":true,"href":"https:\/\/vapeberlin.de\/index.php?rest_route=%2Fwp%2Fv2%2Fproduct_brand&post=599"},{"taxonomy":"product_cat","embeddable":true,"href":"https:\/\/vapeberlin.de\/index.php?rest_route=%2Fwp%2Fv2%2Fproduct_cat&post=599"},{"taxonomy":"product_tag","embeddable":true,"href":"https:\/\/vapeberlin.de\/index.php?rest_route=%2Fwp%2Fv2%2Fproduct_tag&post=599"}],"curies":[{"name":"wp","href":"https:\/\/api.w.org\/{rel}","templated":true}]}}