{"id":512,"date":"2025-07-14T15:43:15","date_gmt":"2025-07-14T13:43:15","guid":{"rendered":"https:\/\/vapeberlin.de\/?post_type=product&#038;p=512"},"modified":"2025-08-11T14:25:12","modified_gmt":"2025-08-11T12:25:12","slug":"elfliq","status":"publish","type":"product","link":"https:\/\/vapeberlin.de\/?product=elfliq","title":{"rendered":"Elfliq"},"content":{"rendered":"<header class=\"woocommerce-products-header\">\n<div class=\"term-description\">\n<p>Elfliq ist\u00a0<a href=\"https:\/\/www.elfbarvapeshop.de\/\" target=\"_blank\" rel=\"noopener\">new Elfbar<\/a>\u00a0einzigartige Linie von Vape-\u00d6len. Es enth\u00e4lt eine 50:50 Mischung aus VG und PG, um einen reichen und milden Dampf zu erzeugen! Es ist auch in einem 10ml tragbaren MTL Zug erh\u00e4ltlich, perfekt f\u00fcr Anf\u00e4nger und erfahrene Raucher gleicherma\u00dfen!<\/p>\n<\/div>\n<\/header>\n<div class=\"shoptimizer-sorting\">\n<div class=\"woocommerce-notices-wrapper\"><\/div>\n<nav class=\"woocommerce-pagination\"><\/nav>\n<\/div>\n","protected":false},"excerpt":{"rendered":"<p>Elfliq ist\u00a0new Elfbar\u00a0einzigartige Linie von Vape-\u00d6len. Es enth\u00e4lt eine 50:50 Mischung aus VG und PG, um einen reichen und milden Dampf zu erzeugen! Es ist auch<span class=\"excerpt-hellip\"> [\u2026]<\/span><\/p>\n","protected":false},"featured_media":365,"comment_status":"open","ping_status":"closed","template":"","meta":[],"product_brand":[54,432],"product_cat":[40],"product_tag":[],"class_list":{"0":"post-512","1":"product","2":"type-product","3":"status-publish","4":"has-post-thumbnail","6":"product_brand-elfbar","7":"product_brand-elfliq","8":"product_cat-e-liquids","10":"first","11":"instock","12":"taxable","13":"shipping-taxable","14":"purchasable","15":"product-type-variable"},"_links":{"self":[{"href":"https:\/\/vapeberlin.de\/index.php?rest_route=\/wp\/v2\/product\/512","targetHints":{"allow":["GET"]}}],"collection":[{"href":"https:\/\/vapeberlin.de\/index.php?rest_route=\/wp\/v2\/product"}],"about":[{"href":"https:\/\/vapeberlin.de\/index.php?rest_route=\/wp\/v2\/types\/product"}],"replies":[{"embeddable":true,"href":"https:\/\/vapeberlin.de\/index.php?rest_route=%2Fwp%2Fv2%2Fcomments&post=512"}],"wp:featuredmedia":[{"embeddable":true,"href":"https:\/\/vapeberlin.de\/index.php?rest_route=\/wp\/v2\/media\/365"}],"wp:attachment":[{"href":"https:\/\/vapeberlin.de\/index.php?rest_route=%2Fwp%2Fv2%2Fmedia&parent=512"}],"wp:term":[{"taxonomy":"product_brand","embeddable":true,"href":"https:\/\/vapeberlin.de\/index.php?rest_route=%2Fwp%2Fv2%2Fproduct_brand&post=512"},{"taxonomy":"product_cat","embeddable":true,"href":"https:\/\/vapeberlin.de\/index.php?rest_route=%2Fwp%2Fv2%2Fproduct_cat&post=512"},{"taxonomy":"product_tag","embeddable":true,"href":"https:\/\/vapeberlin.de\/index.php?rest_route=%2Fwp%2Fv2%2Fproduct_tag&post=512"}],"curies":[{"name":"wp","href":"https:\/\/api.w.org\/{rel}","templated":true}]}}