{"id":417,"date":"2025-07-14T15:20:57","date_gmt":"2025-07-14T13:20:57","guid":{"rendered":"https:\/\/vapeberlin.de\/?post_type=product&#038;p=417"},"modified":"2026-02-04T12:08:30","modified_gmt":"2026-02-04T11:08:30","slug":"flerbar-600","status":"publish","type":"product","link":"https:\/\/vapeberlin.de\/?product=flerbar-600","title":{"rendered":"Flerbar 600"},"content":{"rendered":"<p>Flerbar funktionieren, indem sie eine\u00a0<strong>Fl\u00fcssigkeit erhitzen, die Nikotin und Aromen enth\u00e4lt<\/strong>. Diese Fl\u00fcssigkeit wird verdampft und vom Benutzer inhaliert, was ein \u00e4hnliches Gef\u00fchl wie das Rauchen einer herk\u00f6mmlichen Zigarette erzeugt.<\/p>\n","protected":false},"excerpt":{"rendered":"<p>Flerbar funktionieren, indem sie eine\u00a0Fl\u00fcssigkeit erhitzen, die Nikotin und Aromen enth\u00e4lt. Diese Fl\u00fcssigkeit wird verdampft und vom Benutzer inhaliert, was ein \u00e4hnliches Gef\u00fchl wie das Rauchen<span class=\"excerpt-hellip\"> [\u2026]<\/span><\/p>\n","protected":false},"featured_media":940,"comment_status":"open","ping_status":"closed","template":"","meta":[],"product_brand":[443,444],"product_cat":[41],"product_tag":[],"class_list":{"0":"post-417","1":"product","2":"type-product","3":"status-publish","4":"has-post-thumbnail","6":"product_brand-flerbar","7":"product_brand-flerbar-600","8":"product_cat-einweg-vapes","10":"first","11":"instock","12":"taxable","13":"shipping-taxable","14":"purchasable","15":"product-type-variable"},"_links":{"self":[{"href":"https:\/\/vapeberlin.de\/index.php?rest_route=\/wp\/v2\/product\/417","targetHints":{"allow":["GET"]}}],"collection":[{"href":"https:\/\/vapeberlin.de\/index.php?rest_route=\/wp\/v2\/product"}],"about":[{"href":"https:\/\/vapeberlin.de\/index.php?rest_route=\/wp\/v2\/types\/product"}],"replies":[{"embeddable":true,"href":"https:\/\/vapeberlin.de\/index.php?rest_route=%2Fwp%2Fv2%2Fcomments&post=417"}],"wp:featuredmedia":[{"embeddable":true,"href":"https:\/\/vapeberlin.de\/index.php?rest_route=\/wp\/v2\/media\/940"}],"wp:attachment":[{"href":"https:\/\/vapeberlin.de\/index.php?rest_route=%2Fwp%2Fv2%2Fmedia&parent=417"}],"wp:term":[{"taxonomy":"product_brand","embeddable":true,"href":"https:\/\/vapeberlin.de\/index.php?rest_route=%2Fwp%2Fv2%2Fproduct_brand&post=417"},{"taxonomy":"product_cat","embeddable":true,"href":"https:\/\/vapeberlin.de\/index.php?rest_route=%2Fwp%2Fv2%2Fproduct_cat&post=417"},{"taxonomy":"product_tag","embeddable":true,"href":"https:\/\/vapeberlin.de\/index.php?rest_route=%2Fwp%2Fv2%2Fproduct_tag&post=417"}],"curies":[{"name":"wp","href":"https:\/\/api.w.org\/{rel}","templated":true}]}}