{"id":387,"date":"2025-07-14T15:01:16","date_gmt":"2025-07-14T13:01:16","guid":{"rendered":"https:\/\/vapeberlin.de\/?post_type=product&#038;p=387"},"modified":"2025-08-11T14:28:38","modified_gmt":"2025-08-11T12:28:38","slug":"elfbar-600","status":"publish","type":"product","link":"https:\/\/vapeberlin.de\/?product=elfbar-600","title":{"rendered":"Elfbar 600"},"content":{"rendered":"<p>Elfbar sind\u00a0<strong>Einweg-E-Zigaretten<\/strong>, die einfach zu bedienen sind. Es gibt viele verschiedene Geschmacksrichtungen zur Auswahl. Die Ger\u00e4te ben\u00f6tigen keine Aufladung oder Nachf\u00fcllung. Elfbar sind in der Regel g\u00fcnstiger als andere E-Zigaretten. Die Entsorgung sollte umweltfreundlich erfolgen.<\/p>\n","protected":false},"excerpt":{"rendered":"<p>Elfbar sind\u00a0Einweg-E-Zigaretten, die einfach zu bedienen sind. Es gibt viele verschiedene Geschmacksrichtungen zur Auswahl. Die Ger\u00e4te ben\u00f6tigen keine Aufladung oder Nachf\u00fcllung. Elfbar sind in der Regel<span class=\"excerpt-hellip\"> [\u2026]<\/span><\/p>\n","protected":false},"featured_media":360,"comment_status":"open","ping_status":"closed","template":"","meta":[],"product_brand":[54,427],"product_cat":[41],"product_tag":[],"class_list":{"0":"post-387","1":"product","2":"type-product","3":"status-publish","4":"has-post-thumbnail","6":"product_brand-elfbar","7":"product_brand-elfbar-600","8":"product_cat-einweg-vapes","10":"first","11":"instock","12":"taxable","13":"shipping-taxable","14":"purchasable","15":"product-type-variable"},"_links":{"self":[{"href":"https:\/\/vapeberlin.de\/index.php?rest_route=\/wp\/v2\/product\/387","targetHints":{"allow":["GET"]}}],"collection":[{"href":"https:\/\/vapeberlin.de\/index.php?rest_route=\/wp\/v2\/product"}],"about":[{"href":"https:\/\/vapeberlin.de\/index.php?rest_route=\/wp\/v2\/types\/product"}],"replies":[{"embeddable":true,"href":"https:\/\/vapeberlin.de\/index.php?rest_route=%2Fwp%2Fv2%2Fcomments&post=387"}],"wp:featuredmedia":[{"embeddable":true,"href":"https:\/\/vapeberlin.de\/index.php?rest_route=\/wp\/v2\/media\/360"}],"wp:attachment":[{"href":"https:\/\/vapeberlin.de\/index.php?rest_route=%2Fwp%2Fv2%2Fmedia&parent=387"}],"wp:term":[{"taxonomy":"product_brand","embeddable":true,"href":"https:\/\/vapeberlin.de\/index.php?rest_route=%2Fwp%2Fv2%2Fproduct_brand&post=387"},{"taxonomy":"product_cat","embeddable":true,"href":"https:\/\/vapeberlin.de\/index.php?rest_route=%2Fwp%2Fv2%2Fproduct_cat&post=387"},{"taxonomy":"product_tag","embeddable":true,"href":"https:\/\/vapeberlin.de\/index.php?rest_route=%2Fwp%2Fv2%2Fproduct_tag&post=387"}],"curies":[{"name":"wp","href":"https:\/\/api.w.org\/{rel}","templated":true}]}}